{"id":7302,"date":"2019-12-29T14:43:51","date_gmt":"2019-12-29T14:43:51","guid":{"rendered":"https:\/\/mericihotel.nl\/over-ons\/"},"modified":"2025-10-08T13:28:53","modified_gmt":"2025-10-08T13:28:53","slug":"uber-uns","status":"publish","type":"page","link":"https:\/\/mericihotel.nl\/de\/uber-uns\/","title":{"rendered":"Uber uns"},"content":{"rendered":"<p><div class=\"fusion-fullwidth fullwidth-box fusion-builder-row-1 nonhundred-percent-fullwidth non-hundred-percent-height-scrolling\"  style='background-color: rgba(255,255,255,0);background-position: center center;background-repeat: no-repeat;padding-top:0px;padding-right:0px;padding-bottom:0px;padding-left:0px;'><div class=\"fusion-builder-row fusion-row \"><div  class=\"fusion-layout-column fusion_builder_column fusion_builder_column_1_1 fusion-builder-column-1 fusion-one-full fusion-column-first fusion-column-last 1_1\"  style='margin-top:10px;margin-bottom:30px;'>\n\t\t\t\t\t<div class=\"fusion-column-wrapper\" style=\"padding: 0px 0px 0px 0px;background-position:left top;background-repeat:no-repeat;-webkit-background-size:cover;-moz-background-size:cover;-o-background-size:cover;background-size:cover;\"   data-bg-url=\"\">\n\t\t\t\t\t\t<style type=\"text\/css\"><\/style><div class=\"fusion-title title fusion-title-1 fusion-sep-none fusion-title-text fusion-title-size-one\" style=\"margin-top:0px;margin-bottom:30px;\"><h1 class=\"title-heading-left\" style=\"margin:0;\"><h1>\u00dcber Merici Hotel<\/h1><\/h1><\/div><div class=\"fusion-text\"><p>MERICI. Der Name dieses sch\u00f6nen Vier-Sterne-Klosterhotels mit internationalem Charakter scheint so exklusiv zu sein wie seine Umgebung. Und was gibt es Sch\u00f6neres, als in einem ehemaligen Internat der Ursulinen zu wohnen? Stellen Sie es sich vor.<\/p>\n<p>Erleben Sie die heitere Atmosph\u00e4re von vor so vielen Jahren wieder. Schlafen Sie f\u00fcrstlich in einem schicken, denkmalgesch\u00fctzten Geb\u00e4ude und genie\u00dfen Sie eine extravagante Umgebung. Lassen Sie Ihren Tag mit den Kirchenglocken als Weckruf beginnen und erleben Sie das MERICI-Gef\u00fchl, das aus Aufmerksamkeit vom Moment der Ankunft bis zur Abreise besteht.<\/p>\n<p>Wir freuen uns auf Sie!<\/p>\n<\/div><div class=\"fusion-clearfix\"><\/div>\n\n\t\t\t\t\t<\/div>\n\t\t\t\t<\/div><\/div><\/div><div class=\"fusion-fullwidth fullwidth-box fusion-builder-row-2 contact-footer hundred-percent-fullwidth non-hundred-percent-height-scrolling\"  style='background-color: #000000;background-position: center center;background-repeat: no-repeat;padding-top:0px;padding-right:0px;padding-bottom:90px;padding-left:0px;'><div class=\"fusion-builder-row fusion-row \"><div  class=\"fusion-layout-column fusion_builder_column fusion_builder_column_1_3 fusion-builder-column-2 fusion-one-third fusion-column-first 1_3\"  style='margin-top:10px;margin-bottom:10px;width:33.33%;width:calc(33.33% - ( ( 4% + 4% ) * 0.3333 ) );margin-right: 4%;'>\n\t\t\t\t\t<div class=\"fusion-column-wrapper\" style=\"padding: 0px 0px 0px 0px;background-position:left top;background-repeat:no-repeat;-webkit-background-size:cover;-moz-background-size:cover;-o-background-size:cover;background-size:cover;\"   data-bg-url=\"\">\n\t\t\t\t\t\t<div class=\"fusion-text\"><div class=\"div-logo-contact-footer\"><img decoding=\"async\" class=\"lazyload logo-contact-footer\" src=\"data:image\/gif;base64,R0lGODlhAQABAAAAACH5BAEKAAEALAAAAAABAAEAAAICTAEAOw==\" data-orig-src=\"\/wp-content\/uploads\/2021\/02\/logo-merici-hotel-retina.png\" alt=\"Merici Hotel\" \/><\/div>\n<\/div><div class=\"imageframe-align-center\"><span style=\"width:100%;max-width:250px;\" class=\"fusion-imageframe imageframe-none imageframe-1 hover-type-none logo-make-a-wish\"><img loading=\"lazy\" decoding=\"async\" src=\"https:\/\/mericihotel.nl\/wp-content\/uploads\/2025\/09\/MER-Logo-make-a-wish.webp\" data-orig-src=\"http:\/\/mericihotel.nl\/wp-content\/uploads\/2025\/09\/MER-Logo-make-a-wish.webp\" width=\"1245\" height=\"601\" alt=\"\" title=\"MER &#8211; Logo make a wish\" class=\"lazyload img-responsive wp-image-8028\" srcset=\"data:image\/svg+xml,%3Csvg%20xmlns%3D%27http%3A%2F%2Fwww.w3.org%2F2000%2Fsvg%27%20width%3D%271245%27%20height%3D%27601%27%20viewBox%3D%270%200%201245%20601%27%3E%3Crect%20width%3D%271245%27%20height%3D%273601%27%20fill-opacity%3D%220%22%2F%3E%3C%2Fsvg%3E\" data-srcset=\"https:\/\/mericihotel.nl\/wp-content\/uploads\/2025\/09\/MER-Logo-make-a-wish-200x97.webp 200w, https:\/\/mericihotel.nl\/wp-content\/uploads\/2025\/09\/MER-Logo-make-a-wish-300x145.webp 300w, https:\/\/mericihotel.nl\/wp-content\/uploads\/2025\/09\/MER-Logo-make-a-wish-400x193.webp 400w, https:\/\/mericihotel.nl\/wp-content\/uploads\/2025\/09\/MER-Logo-make-a-wish-600x290.webp 600w, https:\/\/mericihotel.nl\/wp-content\/uploads\/2025\/09\/MER-Logo-make-a-wish-768x371.webp 768w, https:\/\/mericihotel.nl\/wp-content\/uploads\/2025\/09\/MER-Logo-make-a-wish-800x386.webp 800w, https:\/\/mericihotel.nl\/wp-content\/uploads\/2025\/09\/MER-Logo-make-a-wish-1024x494.webp 1024w, https:\/\/mericihotel.nl\/wp-content\/uploads\/2025\/09\/MER-Logo-make-a-wish-1200x579.webp 1200w, https:\/\/mericihotel.nl\/wp-content\/uploads\/2025\/09\/MER-Logo-make-a-wish.webp 1245w\" data-sizes=\"auto\" data-orig-sizes=\"auto, (max-width: 1000px) 100vw, 1245px\" \/><\/span><\/div><div class=\"fusion-clearfix\"><\/div>\n\n\t\t\t\t\t<\/div>\n\t\t\t\t<\/div><div  class=\"fusion-layout-column fusion_builder_column fusion_builder_column_1_3 fusion-builder-column-3 fusion-one-third contact-footer-adres 1_3\"  style='margin-top:100px;margin-bottom:10px;width:33.33%;width:calc(33.33% - ( ( 4% + 4% ) * 0.3333 ) );margin-right: 4%;'>\n\t\t\t\t\t<div class=\"fusion-column-wrapper\" style=\"padding: 0px 0px 0px 0px;background-position:left top;background-repeat:no-repeat;-webkit-background-size:cover;-moz-background-size:cover;-o-background-size:cover;background-size:cover;\"   data-bg-url=\"\">\n\t\t\t\t\t\t<div class=\"fusion-text\"><div class=\"contact-footer-text\">\n<p class=\"contact-footer-grey\">Merici Hotel<\/p>\n<p>Oude Markt 5-7<br \/>\n6131 EN Sittard<br \/>\nDie Niederlande<\/p>\n<\/div>\n<\/div><div class=\"fusion-text\"><div class=\"contact-footer-text\">\n<p class=\"contact-footer-grey\">Mehr entdecken<\/p>\n<p><a href=\"https:\/\/valkenburgbymercure.nl\/\" target=\"_blank\" rel=\"noopener\">Hotel Valkenburg by Mercure<\/a><br \/>\n<a href=\"https:\/\/berghotelvue.nl\" target=\"_blank\" rel=\"noopener\">Berghotel Vue<\/a><br \/>\n<a href=\"https:\/\/doubletreebyhiltonsittard.nl\/\" target=\"_blank\" rel=\"noopener\">DoubleTree by Hilton Sittard<\/a><br \/>\n<a href=\"https:\/\/www.maisonelleamsterdam.nl\" target=\"_blank\" rel=\"noopener\">Maison ELLE Amsterdam<\/a><br \/>\n<a href=\"https:\/\/www.hieindhoven.com\/\" target=\"_blank\" rel=\"noopener\">Holiday Inn Eindhoven Centre<\/a><br \/>\n<a href=\"https:\/\/cphotelneuss.com\">Crowne Plaza D\u00fcsseldorf-Neuss<\/a><\/p>\n<\/div>\n<\/div><div class=\"fusion-clearfix\"><\/div>\n\n\t\t\t\t\t<\/div>\n\t\t\t\t<\/div><div  class=\"fusion-layout-column fusion_builder_column fusion_builder_column_1_3 fusion-builder-column-4 fusion-one-third fusion-column-last contact-footer-tel-email 1_3\"  style='margin-top:100px;margin-bottom:10px;width:33.33%;width:calc(33.33% - ( ( 4% + 4% ) * 0.3333 ) );'>\n\t\t\t\t\t<div class=\"fusion-column-wrapper\" style=\"padding: 0px 0px 0px 0px;background-position:left top;background-repeat:no-repeat;-webkit-background-size:cover;-moz-background-size:cover;-o-background-size:cover;background-size:cover;\"   data-bg-url=\"\">\n\t\t\t\t\t\t<div class=\"fusion-text\"><div class=\"contact-footer-text\">\n<p class=\"contact-footer-grey\">Telefonnummer<\/p>\n<p><a href=\"tel:\/\/+31464009002\">+31 (0) 464 009 002<\/a><\/p>\n<p class=\"contact-footer-grey\">E-Mail<\/p>\n<p><a href=\"mailto:reservations@mericihotel.nl\">reservations@mericihotel.nl<\/a><\/p>\n<p class=\"contact-footer-grey\">Bargeldloses Hotel<\/p>\n<p>Merici Hotel Sittard ist ein bargeldloses Hotel. Wir akzeptieren kein Bargeld. In unserem Hotel kann mit Kredit- oder Debitkarte bezahlt werden.<\/p>\n<p class=\"contact-footer-grey\">HOTEL OPERATOR<\/p>\n<p>Das Merici Hotel Sittard wird stolz von Black Label Hotels gef\u00fchrt.<\/p>\n<\/div>\n<\/div><div class=\"fusion-clearfix\"><\/div>\n\n\t\t\t\t\t<\/div>\n\t\t\t\t<\/div><\/div><\/div><div id=\"footer-menu-horizontaal-nl\" class=\"fusion-fullwidth fullwidth-box fusion-builder-row-3 footer-menu-holder hundred-percent-fullwidth non-hundred-percent-height-scrolling\"  style='background-color: #212121;background-position: center center;background-repeat: no-repeat;padding-top:0px;padding-right:45px;padding-bottom:8px;padding-left:45px;margin-top: 0px;'><div class=\"fusion-builder-row fusion-row \"><div  class=\"fusion-layout-column fusion_builder_column fusion_builder_column_1_1 fusion-builder-column-5 fusion-one-full fusion-column-first fusion-column-last 1_1\"  style='margin-top:-30px;margin-bottom:0px;'>\n\t\t\t\t\t<div class=\"fusion-column-wrapper\" style=\"padding: 0px 0px 0px 0px;background-position:left top;background-repeat:no-repeat;-webkit-background-size:cover;-moz-background-size:cover;-o-background-size:cover;background-size:cover;\"   data-bg-url=\"\">\n\t\t\t\t\t\t<div class=\"fusion-widget-area fusion-widget-area-1 fusion-content-widget-area footer-menu\"><style type=\"text\/css\">.fusion-widget-area-1 {padding:0px 0px 0px 0px;}.fusion-widget-area-1 .widget h4 {color:#333c4e;}.fusion-widget-area-1 .widget .heading h4 {color:#333c4e;}.fusion-widget-area-1 .widget h4 {font-size:18px;}.fusion-widget-area-1 .widget .heading h4 {font-size:18px;}<\/style><div id=\"nav_menu-6\" class=\"widget widget_nav_menu\"><div class=\"menu-footer-menu-de-container\"><ul id=\"menu-footer-menu-de\" class=\"menu\"><li id=\"menu-item-7349\" class=\"menu-item menu-item-type-post_type menu-item-object-page menu-item-home menu-item-7349\"><a href=\"https:\/\/mericihotel.nl\/de\/\">Home<\/a><\/li>\n<li id=\"menu-item-7357\" class=\"menu-item menu-item-type-post_type menu-item-object-page menu-item-7357\"><a href=\"https:\/\/mericihotel.nl\/de\/bedingungen\/\">Bedingungen<\/a><\/li>\n<li id=\"menu-item-7358\" class=\"menu-item menu-item-type-post_type menu-item-object-page menu-item-7358\"><a href=\"https:\/\/mericihotel.nl\/de\/umgebung\/\">Umgebung<\/a><\/li>\n<li id=\"menu-item-7359\" class=\"menu-item menu-item-type-post_type menu-item-object-page menu-item-7359\"><a href=\"https:\/\/mericihotel.nl\/de\/erreichbarkeit\/\">Erreichbarkeit<\/a><\/li>\n<li id=\"menu-item-7360\" class=\"menu-item menu-item-type-custom menu-item-object-custom menu-item-7360\"><a target=\"_blank\" href=\"https:\/\/werkenbij.blacklabelhotels.nl\/\">Stellenangebote<\/a><\/li>\n<li id=\"menu-item-7361\" class=\"menu-item menu-item-type-post_type menu-item-object-page menu-item-7361\"><a href=\"https:\/\/mericihotel.nl\/de\/haeufig-gestellte-fragen\/\">FAQ<\/a><\/li>\n<li id=\"menu-item-7362\" class=\"menu-item menu-item-type-custom menu-item-object-custom menu-item-7362\"><a target=\"_blank\" href=\"https:\/\/www.iubenda.com\/privacy-policy\/27029607\">Privacy<\/a><\/li>\n<li id=\"menu-item-wpml-ls-25-nl\" class=\"menu-item wpml-ls-slot-25 wpml-ls-item wpml-ls-item-nl wpml-ls-menu-item wpml-ls-first-item menu-item-type-wpml_ls_menu_item menu-item-object-wpml_ls_menu_item menu-item-wpml-ls-25-nl\"><a href=\"http:\/\/mericihotel.nl\/\" title=\"Wechseln zu Niederl\u00e4ndisch\" aria-label=\"Wechseln zu Niederl\u00e4ndisch\" class=\"wpml-ls-link\"><img decoding=\"async\"\n            class=\"lazyload wpml-ls-flag\"\n            src=\"data:image\/gif;base64,R0lGODlhAQABAAAAACH5BAEKAAEALAAAAAABAAEAAAICTAEAOw==\" data-orig-src=\"https:\/\/mericihotel.nl\/wp-content\/plugins\/sitepress-multilingual-cms\/res\/flags\/nl.png\"\n            alt=\"Niederl\u00e4ndisch\"\n            loading=\"lazy\"\n            width=18\n            height=12\n    \/><\/a><\/li>\n<li id=\"menu-item-wpml-ls-25-en\" class=\"menu-item wpml-ls-slot-25 wpml-ls-item wpml-ls-item-en wpml-ls-menu-item menu-item-type-wpml_ls_menu_item menu-item-object-wpml_ls_menu_item menu-item-wpml-ls-25-en\"><a href=\"http:\/\/mericihotel.nl\/en\/\" title=\"Wechseln zu Englisch\" aria-label=\"Wechseln zu Englisch\" class=\"wpml-ls-link\"><img decoding=\"async\"\n            class=\"lazyload wpml-ls-flag\"\n            src=\"data:image\/gif;base64,R0lGODlhAQABAAAAACH5BAEKAAEALAAAAAABAAEAAAICTAEAOw==\" data-orig-src=\"https:\/\/mericihotel.nl\/wp-content\/plugins\/sitepress-multilingual-cms\/res\/flags\/en.png\"\n            alt=\"Englisch\"\n            loading=\"lazy\"\n            width=18\n            height=12\n    \/><\/a><\/li>\n<li id=\"menu-item-wpml-ls-25-de\" class=\"menu-item wpml-ls-slot-25 wpml-ls-item wpml-ls-item-de wpml-ls-current-language wpml-ls-menu-item wpml-ls-last-item menu-item-type-wpml_ls_menu_item menu-item-object-wpml_ls_menu_item menu-item-wpml-ls-25-de\"><a href=\"http:\/\/mericihotel.nl\/de\/\" aria-current=\"page\" class=\"wpml-ls-link\"><img decoding=\"async\"\n            class=\"lazyload wpml-ls-flag\"\n            src=\"data:image\/gif;base64,R0lGODlhAQABAAAAACH5BAEKAAEALAAAAAABAAEAAAICTAEAOw==\" data-orig-src=\"https:\/\/mericihotel.nl\/wp-content\/plugins\/sitepress-multilingual-cms\/res\/flags\/de.png\"\n            alt=\"Deutsch\"\n            loading=\"lazy\"\n            width=18\n            height=12\n    \/><\/a><\/li>\n<\/ul><\/div><\/div><div class=\"fusion-additional-widget-content\"><\/div><\/div><div class=\"fusion-clearfix\"><\/div>\n\n\t\t\t\t\t<\/div>\n\t\t\t\t<\/div><\/div><\/div><\/p>\n","protected":false},"excerpt":{"rendered":"","protected":false},"author":1,"featured_media":0,"parent":0,"menu_order":0,"comment_status":"closed","ping_status":"closed","template":"100-width.php","meta":{"om_disable_all_campaigns":false,"_uf_show_specific_survey":0,"_uf_disable_surveys":false,"footnotes":""},"class_list":["post-7302","page","type-page","status-publish","hentry"],"yoast_head":"<!-- This site is optimized with the Yoast SEO plugin v27.4 - https:\/\/yoast.com\/product\/yoast-seo-wordpress\/ -->\n<title>Uber uns | Merici Hotel Sittard<\/title>\n<meta name=\"description\" content=\"Erleben Sie das MERICI-Gef\u00fchl - aufmerksame Gastfreundschaft von der Ankunft bis zur Abreise. Erfahren Sie mehr \u00fcber uns.\" \/>\n<meta name=\"robots\" content=\"index, follow, max-snippet:-1, max-image-preview:large, max-video-preview:-1\" \/>\n<link rel=\"canonical\" href=\"https:\/\/mericihotel.nl\/de\/uber-uns\/\" \/>\n<meta property=\"og:locale\" content=\"de_DE\" \/>\n<meta property=\"og:type\" content=\"article\" \/>\n<meta property=\"og:title\" content=\"Uber uns | Merici Hotel Sittard\" \/>\n<meta property=\"og:description\" content=\"Erleben Sie das MERICI-Gef\u00fchl - aufmerksame Gastfreundschaft von der Ankunft bis zur Abreise. Erfahren Sie mehr \u00fcber uns.\" \/>\n<meta property=\"og:url\" content=\"https:\/\/mericihotel.nl\/de\/uber-uns\/\" \/>\n<meta property=\"og:site_name\" content=\"Merici Hotel Sittard\" \/>\n<meta property=\"article:publisher\" content=\"https:\/\/www.facebook.com\/mericihotel\/\" \/>\n<meta property=\"article:modified_time\" content=\"2025-10-08T13:28:53+00:00\" \/>\n<meta name=\"twitter:card\" content=\"summary_large_image\" \/>\n<meta name=\"twitter:label1\" content=\"Gesch\u00e4tzte Lesezeit\" \/>\n\t<meta name=\"twitter:data1\" content=\"5\u00a0Minuten\" \/>\n<script type=\"application\/ld+json\" class=\"yoast-schema-graph\">{\"@context\":\"https:\\\/\\\/schema.org\",\"@graph\":[{\"@type\":\"WebPage\",\"@id\":\"https:\\\/\\\/mericihotel.nl\\\/de\\\/uber-uns\\\/\",\"url\":\"https:\\\/\\\/mericihotel.nl\\\/de\\\/uber-uns\\\/\",\"name\":\"Uber uns | Merici Hotel Sittard\",\"isPartOf\":{\"@id\":\"https:\\\/\\\/mericihotel.nl\\\/de\\\/#website\"},\"datePublished\":\"2019-12-29T14:43:51+00:00\",\"dateModified\":\"2025-10-08T13:28:53+00:00\",\"description\":\"Erleben Sie das MERICI-Gef\u00fchl - aufmerksame Gastfreundschaft von der Ankunft bis zur Abreise. Erfahren Sie mehr \u00fcber uns.\",\"breadcrumb\":{\"@id\":\"https:\\\/\\\/mericihotel.nl\\\/de\\\/uber-uns\\\/#breadcrumb\"},\"inLanguage\":\"de\",\"potentialAction\":[{\"@type\":\"ReadAction\",\"target\":[\"https:\\\/\\\/mericihotel.nl\\\/de\\\/uber-uns\\\/\"]}]},{\"@type\":\"BreadcrumbList\",\"@id\":\"https:\\\/\\\/mericihotel.nl\\\/de\\\/uber-uns\\\/#breadcrumb\",\"itemListElement\":[{\"@type\":\"ListItem\",\"position\":1,\"name\":\"Home\",\"item\":\"https:\\\/\\\/mericihotel.nl\\\/de\\\/\"},{\"@type\":\"ListItem\",\"position\":2,\"name\":\"Uber uns\"}]},{\"@type\":\"WebSite\",\"@id\":\"https:\\\/\\\/mericihotel.nl\\\/de\\\/#website\",\"url\":\"https:\\\/\\\/mericihotel.nl\\\/de\\\/\",\"name\":\"Merici Hotel Sittard\",\"description\":\"MERICI HOTEL is a four-star boutique hotel in the city of Sittard.\",\"publisher\":{\"@id\":\"https:\\\/\\\/mericihotel.nl\\\/de\\\/#organization\"},\"potentialAction\":[{\"@type\":\"SearchAction\",\"target\":{\"@type\":\"EntryPoint\",\"urlTemplate\":\"https:\\\/\\\/mericihotel.nl\\\/de\\\/?s={search_term_string}\"},\"query-input\":{\"@type\":\"PropertyValueSpecification\",\"valueRequired\":true,\"valueName\":\"search_term_string\"}}],\"inLanguage\":\"de\"},{\"@type\":\"Organization\",\"@id\":\"https:\\\/\\\/mericihotel.nl\\\/de\\\/#organization\",\"name\":\"Merici Hotel Sittard\",\"url\":\"https:\\\/\\\/mericihotel.nl\\\/de\\\/\",\"logo\":{\"@type\":\"ImageObject\",\"inLanguage\":\"de\",\"@id\":\"https:\\\/\\\/mericihotel.nl\\\/de\\\/#\\\/schema\\\/logo\\\/image\\\/\",\"url\":\"https:\\\/\\\/mericihotel.nl\\\/wp-content\\\/uploads\\\/2019\\\/11\\\/MERICI_logo_375.png\",\"contentUrl\":\"https:\\\/\\\/mericihotel.nl\\\/wp-content\\\/uploads\\\/2019\\\/11\\\/MERICI_logo_375.png\",\"width\":375,\"height\":147,\"caption\":\"Merici Hotel Sittard\"},\"image\":{\"@id\":\"https:\\\/\\\/mericihotel.nl\\\/de\\\/#\\\/schema\\\/logo\\\/image\\\/\"},\"sameAs\":[\"https:\\\/\\\/www.facebook.com\\\/mericihotel\\\/\",\"https:\\\/\\\/www.instagram.com\\\/mericihotel\\\/\",\"https:\\\/\\\/www.linkedin.com\\\/company\\\/grand-hotel-merici-b.v.\"]}]}<\/script>\n<!-- \/ Yoast SEO plugin. -->","yoast_head_json":{"title":"Uber uns | Merici Hotel Sittard","description":"Erleben Sie das MERICI-Gef\u00fchl - aufmerksame Gastfreundschaft von der Ankunft bis zur Abreise. Erfahren Sie mehr \u00fcber uns.","robots":{"index":"index","follow":"follow","max-snippet":"max-snippet:-1","max-image-preview":"max-image-preview:large","max-video-preview":"max-video-preview:-1"},"canonical":"https:\/\/mericihotel.nl\/de\/uber-uns\/","og_locale":"de_DE","og_type":"article","og_title":"Uber uns | Merici Hotel Sittard","og_description":"Erleben Sie das MERICI-Gef\u00fchl - aufmerksame Gastfreundschaft von der Ankunft bis zur Abreise. Erfahren Sie mehr \u00fcber uns.","og_url":"https:\/\/mericihotel.nl\/de\/uber-uns\/","og_site_name":"Merici Hotel Sittard","article_publisher":"https:\/\/www.facebook.com\/mericihotel\/","article_modified_time":"2025-10-08T13:28:53+00:00","twitter_card":"summary_large_image","twitter_misc":{"Gesch\u00e4tzte Lesezeit":"5\u00a0Minuten"},"schema":{"@context":"https:\/\/schema.org","@graph":[{"@type":"WebPage","@id":"https:\/\/mericihotel.nl\/de\/uber-uns\/","url":"https:\/\/mericihotel.nl\/de\/uber-uns\/","name":"Uber uns | Merici Hotel Sittard","isPartOf":{"@id":"https:\/\/mericihotel.nl\/de\/#website"},"datePublished":"2019-12-29T14:43:51+00:00","dateModified":"2025-10-08T13:28:53+00:00","description":"Erleben Sie das MERICI-Gef\u00fchl - aufmerksame Gastfreundschaft von der Ankunft bis zur Abreise. Erfahren Sie mehr \u00fcber uns.","breadcrumb":{"@id":"https:\/\/mericihotel.nl\/de\/uber-uns\/#breadcrumb"},"inLanguage":"de","potentialAction":[{"@type":"ReadAction","target":["https:\/\/mericihotel.nl\/de\/uber-uns\/"]}]},{"@type":"BreadcrumbList","@id":"https:\/\/mericihotel.nl\/de\/uber-uns\/#breadcrumb","itemListElement":[{"@type":"ListItem","position":1,"name":"Home","item":"https:\/\/mericihotel.nl\/de\/"},{"@type":"ListItem","position":2,"name":"Uber uns"}]},{"@type":"WebSite","@id":"https:\/\/mericihotel.nl\/de\/#website","url":"https:\/\/mericihotel.nl\/de\/","name":"Merici Hotel Sittard","description":"MERICI HOTEL is a four-star boutique hotel in the city of Sittard.","publisher":{"@id":"https:\/\/mericihotel.nl\/de\/#organization"},"potentialAction":[{"@type":"SearchAction","target":{"@type":"EntryPoint","urlTemplate":"https:\/\/mericihotel.nl\/de\/?s={search_term_string}"},"query-input":{"@type":"PropertyValueSpecification","valueRequired":true,"valueName":"search_term_string"}}],"inLanguage":"de"},{"@type":"Organization","@id":"https:\/\/mericihotel.nl\/de\/#organization","name":"Merici Hotel Sittard","url":"https:\/\/mericihotel.nl\/de\/","logo":{"@type":"ImageObject","inLanguage":"de","@id":"https:\/\/mericihotel.nl\/de\/#\/schema\/logo\/image\/","url":"https:\/\/mericihotel.nl\/wp-content\/uploads\/2019\/11\/MERICI_logo_375.png","contentUrl":"https:\/\/mericihotel.nl\/wp-content\/uploads\/2019\/11\/MERICI_logo_375.png","width":375,"height":147,"caption":"Merici Hotel Sittard"},"image":{"@id":"https:\/\/mericihotel.nl\/de\/#\/schema\/logo\/image\/"},"sameAs":["https:\/\/www.facebook.com\/mericihotel\/","https:\/\/www.instagram.com\/mericihotel\/","https:\/\/www.linkedin.com\/company\/grand-hotel-merici-b.v."]}]}},"_links":{"self":[{"href":"https:\/\/mericihotel.nl\/de\/wp-json\/wp\/v2\/pages\/7302","targetHints":{"allow":["GET"]}}],"collection":[{"href":"https:\/\/mericihotel.nl\/de\/wp-json\/wp\/v2\/pages"}],"about":[{"href":"https:\/\/mericihotel.nl\/de\/wp-json\/wp\/v2\/types\/page"}],"author":[{"embeddable":true,"href":"https:\/\/mericihotel.nl\/de\/wp-json\/wp\/v2\/users\/1"}],"replies":[{"embeddable":true,"href":"https:\/\/mericihotel.nl\/de\/wp-json\/wp\/v2\/comments?post=7302"}],"version-history":[{"count":2,"href":"https:\/\/mericihotel.nl\/de\/wp-json\/wp\/v2\/pages\/7302\/revisions"}],"predecessor-version":[{"id":8396,"href":"https:\/\/mericihotel.nl\/de\/wp-json\/wp\/v2\/pages\/7302\/revisions\/8396"}],"wp:attachment":[{"href":"https:\/\/mericihotel.nl\/de\/wp-json\/wp\/v2\/media?parent=7302"}],"curies":[{"name":"wp","href":"https:\/\/api.w.org\/{rel}","templated":true}]}}